{"id":30,"date":"2025-02-07T17:17:35","date_gmt":"2025-02-07T17:17:35","guid":{"rendered":"https:\/\/runandfriends.com\/?page_id=30"},"modified":"2025-02-07T18:53:27","modified_gmt":"2025-02-07T17:53:27","slug":"inicio","status":"publish","type":"page","link":"https:\/\/runandfriends.com\/","title":{"rendered":"Inicio"},"content":{"rendered":"<div class=\"wpb-content-wrapper\"><p>[vc_row row_height_percent=\u00bb65&#8243; override_padding=\u00bbyes\u00bb h_padding=\u00bb2&#8243; top_padding=\u00bb5&#8243; bottom_padding=\u00bb5&#8243; back_color=\u00bbcolor-xsdn\u00bb overlay_alpha=\u00bb50&#8243; gutter_size=\u00bb3&#8243; column_width_percent=\u00bb100&#8243; shift_y=\u00bb0&#8243; z_index=\u00bb0&#8243; uncode_shortcode_id=\u00bb145648&#8243; back_color_type=\u00bbuncode-palette\u00bb][vc_column column_width_percent=\u00bb100&#8243; position_vertical=\u00bbmiddle\u00bb gutter_size=\u00bb4&#8243; overlay_alpha=\u00bb50&#8243; shift_x=\u00bb0&#8243; shift_y=\u00bb0&#8243; shift_y_down=\u00bb0&#8243; z_index=\u00bb0&#8243; medium_width=\u00bb0&#8243; mobile_width=\u00bb0&#8243; css_animation=\u00bbalpha-anim\u00bb animation_speed=\u00bb1000&#8243; width=\u00bb1\/1&#8243; uncode_shortcode_id=\u00bb463780&#8243;][vc_row_inner row_inner_height_percent=\u00bb0&#8243; overlay_alpha=\u00bb50&#8243; gutter_size=\u00bb5&#8243; shift_y=\u00bb0&#8243; z_index=\u00bb0&#8243; limit_content=\u00bb\u00bb uncode_shortcode_id=\u00bb613021&#8243;][vc_column_inner width=\u00bb7\/12&#8243;][vc_single_image media=\u00bb32&#8243; media_width_use_pixel=\u00bbyes\u00bb media_ratio=\u00bbfive-four\u00bb alignment=\u00bbcenter\u00bb uncode_shortcode_id=\u00bb177609&#8243; media_width_pixel=\u00bb500&#8243;][\/vc_column_inner][vc_column_inner column_width_percent=\u00bb100&#8243; gutter_size=\u00bb2&#8243; overlay_alpha=\u00bb50&#8243; shift_x=\u00bb0&#8243; shift_y=\u00bb0&#8243; shift_y_down=\u00bb0&#8243; z_index=\u00bb0&#8243; medium_width=\u00bb0&#8243; mobile_width=\u00bb0&#8243; width=\u00bb5\/12&#8243; uncode_shortcode_id=\u00bb158467&#8243;][vc_custom_heading heading_semantic=\u00bbh1&#8243; text_size=\u00bbh1&#8243; uncode_shortcode_id=\u00bb920560&#8243;]Run &amp; Friends[\/vc_custom_heading][vc_column_text text_lead=\u00bbyes\u00bb uncode_shortcode_id=\u00bb443298&#8243;]Tu nuevo club de running en Castell\u00f3n. Ven a correr con nosotros de manera grupal y disfruta de una comunidad donde te llevar\u00e1s miles de experiencias. Nuestra misi\u00f3n es llevar el running a otro nivel.[\/vc_column_text][vc_button size=\u00bblink\u00bb btn_link_size=\u00bbh4&#8243; btn_link_underline=\u00bbbtn-underline-out\u00bb scale_mobile=\u00bbno\u00bb css_animation=\u00bbbottom-t-top\u00bb animation_speed=\u00bb1000&#8243; animation_delay=\u00bb300&#8243; uncode_shortcode_id=\u00bb113885&#8243; link=\u00bburl:https%3A%2F%2Fapp.harbiz.io%2Frunandfriends%2Flanding|target:_blank\u00bb]\u00danete a nuestro club[\/vc_button][vc_button size=\u00bblink\u00bb btn_link_size=\u00bbh4&#8243; btn_link_underline=\u00bbbtn-underline-out\u00bb scale_mobile=\u00bbno\u00bb css_animation=\u00bbbottom-t-top\u00bb animation_speed=\u00bb1000&#8243; animation_delay=\u00bb300&#8243; uncode_shortcode_id=\u00bb124314&#8243; link=\u00bburl:mailto%3Ahola%40runandfriends.com|target:_blank\u00bb]\ud83d\udce9 hola@runandfriends.com[\/vc_button][vc_button size=\u00bblink\u00bb btn_link_size=\u00bbh4&#8243; btn_link_underline=\u00bbbtn-underline-out\u00bb scale_mobile=\u00bbno\u00bb css_animation=\u00bbbottom-t-top\u00bb animation_speed=\u00bb1000&#8243; animation_delay=\u00bb300&#8243; uncode_shortcode_id=\u00bb912216&#8243; link=\u00bburl:https%3A%2F%2Fapi.whatsapp.com%2Fsend%3Fphone%3D645916603|target:_blank\u00bb]\u2705 +34 645 91 66 03[\/vc_button][vc_button size=\u00bblink\u00bb btn_link_size=\u00bbh4&#8243; btn_link_underline=\u00bbbtn-underline-out\u00bb scale_mobile=\u00bbno\u00bb css_animation=\u00bbbottom-t-top\u00bb animation_speed=\u00bb1000&#8243; animation_delay=\u00bb300&#8243; uncode_shortcode_id=\u00bb113103&#8243; link=\u00bburl:https%3A%2F%2Fwww.instagram.com%2Frun.and.friends%2F|target:_blank\u00bb]\ud83d\udc9f @run.and.friends[\/vc_button][\/vc_column_inner][\/vc_row_inner][\/vc_column][\/vc_row]<\/p>\n<\/div>","protected":false},"excerpt":{"rendered":"<p>[vc_row row_height_percent=\u00bb65&#8243; override_padding=\u00bbyes\u00bb h_padding=\u00bb2&#8243; top_padding=\u00bb5&#8243; bottom_padding=\u00bb5&#8243; back_color=\u00bbcolor-xsdn\u00bb overlay_alpha=\u00bb50&#8243; gutter_size=\u00bb3&#8243; column_width_percent=\u00bb100&#8243; shift_y=\u00bb0&#8243; z_index=\u00bb0&#8243; uncode_shortcode_id=\u00bb145648&#8243; back_color_type=\u00bbuncode-palette\u00bb][vc_column column_width_percent=\u00bb100&#8243; position_vertical=\u00bbmiddle\u00bb gutter_size=\u00bb4&#8243; overlay_alpha=\u00bb50&#8243; shift_x=\u00bb0&#8243; shift_y=\u00bb0&#8243; [&hellip;]<\/p>\n","protected":false},"author":1,"featured_media":0,"parent":0,"menu_order":0,"comment_status":"closed","ping_status":"closed","template":"","meta":{"footnotes":""},"class_list":["post-30","page","type-page","status-publish","hentry"],"_links":{"self":[{"href":"https:\/\/runandfriends.com\/index.php?rest_route=\/wp\/v2\/pages\/30","targetHints":{"allow":["GET"]}}],"collection":[{"href":"https:\/\/runandfriends.com\/index.php?rest_route=\/wp\/v2\/pages"}],"about":[{"href":"https:\/\/runandfriends.com\/index.php?rest_route=\/wp\/v2\/types\/page"}],"author":[{"embeddable":true,"href":"https:\/\/runandfriends.com\/index.php?rest_route=\/wp\/v2\/users\/1"}],"replies":[{"embeddable":true,"href":"https:\/\/runandfriends.com\/index.php?rest_route=%2Fwp%2Fv2%2Fcomments&post=30"}],"version-history":[{"count":11,"href":"https:\/\/runandfriends.com\/index.php?rest_route=\/wp\/v2\/pages\/30\/revisions"}],"predecessor-version":[{"id":49,"href":"https:\/\/runandfriends.com\/index.php?rest_route=\/wp\/v2\/pages\/30\/revisions\/49"}],"wp:attachment":[{"href":"https:\/\/runandfriends.com\/index.php?rest_route=%2Fwp%2Fv2%2Fmedia&parent=30"}],"curies":[{"name":"wp","href":"https:\/\/api.w.org\/{rel}","templated":true}]}}